{"id":315,"date":"2021-02-17T20:41:21","date_gmt":"2021-02-17T20:41:21","guid":{"rendered":"https:\/\/continental-trd.com\/?page_id=315"},"modified":"2024-02-29T16:30:33","modified_gmt":"2024-02-29T16:30:33","slug":"aviso-legal","status":"publish","type":"page","link":"https:\/\/continental-trd.com\/en\/aviso-legal\/","title":{"rendered":"Aviso Legal"},"content":{"rendered":"\n<p>La entidad <strong>CONTINENTAL TRADING RESOURCES<\/strong>. Le invita a visitar nuestroSitio Web de Internet. Esperamos que la informaci\u00f3n de nuestrossitios web sea completa y \u00fatil. Por motivos de conveniencia, las referencias a \u201cSitio Web\u201d se referir\u00e1n al Sitio Web de Internet de <strong>CONTINENTAL TRADING RESOURCES<\/strong>. Hacemos esta Declaraci\u00f3n Legal para establecer con claridad los t\u00e9rminos y condiciones aplicables al Sitio Web y al uso de la informaci\u00f3n contenida en el mismo. Al acceder, navegar o utilizar nuestro Sitio Web de cualquier otra forma, Usted acepta, sin limitaci\u00f3n o calificaci\u00f3n alguna, y se somete a los t\u00e9rminos y condiciones previstas en esta Declaraci\u00f3n Legal (\u201clos T\u00e9rminos y Condiciones\u201d) y todas las leyes aplicables.<\/p>\n\n\n\n<p>El acceso al Sitio Web es libre gratuito y siempre que el usuario acepte las condiciones de uso que se le muestren al entrar seg\u00fan la legislaci\u00f3n vigente. Si el usuario se suscribe a cualquier servicio del Sitio Web lo har\u00e1 aceptando las Condiciones de Uso y Pol\u00edtica de Privacidad y Cookies que se le mostrar\u00e1n<\/p>\n\n\n\n<h4 class=\"wp-block-heading\"><strong>T\u00c9RMINOS Y CONDICIONES<\/strong><\/h4>\n\n\n\n<p>El Sitio Web fue creado para uso informativo y \u00fatil. Por lo tanto, le permitiremos divulgar, bajar y copiar el material mostrado o publicado en el Sitio Web para fines <strong>NO COMERCIALES y SU USO PERSONAL<\/strong>, siempre que nuestras marcas, derechos de autor y dem\u00e1s informaci\u00f3n patentada sean visiblemente incluidas en tales materiales. Sin embargo, no podr\u00e1 copiar, divulgar, distribuir, modificar, publicar, reutilizar, volver a publicar, reproducir, vender, transmitir o utilizar tal material de cualquier otra forma para fines p\u00fablicos o comerciales, ni podr\u00e1 utilizar tal material para crear cualquier otra publicaci\u00f3n, servicios en l\u00ednea o sitios de internet, sin el consentimiento escrito de la entidad<strong>CONTINENTAL TRADING RESOURCES<\/strong>.<\/p>\n","protected":false},"excerpt":{"rendered":"<p>La entidad CONTINENTAL TRADING RESOURCES. Le invita a visitar nuestroSitio Web de Internet. Esperamos que la informaci\u00f3n de nuestrossitios web sea completa y \u00fatil. Por motivos de conveniencia, las referencias a \u201cSitio Web\u201d se referir\u00e1n al Sitio Web de Internet de CONTINENTAL TRADING RESOURCES. Hacemos esta Declaraci\u00f3n Legal para establecer con claridad los t\u00e9rminos y [&hellip;]<\/p>\n","protected":false},"author":1,"featured_media":0,"parent":0,"menu_order":0,"comment_status":"closed","ping_status":"closed","template":"","meta":{"footnotes":""},"class_list":["post-315","page","type-page","status-publish","hentry"],"_links":{"self":[{"href":"https:\/\/continental-trd.com\/en\/wp-json\/wp\/v2\/pages\/315","targetHints":{"allow":["GET"]}}],"collection":[{"href":"https:\/\/continental-trd.com\/en\/wp-json\/wp\/v2\/pages"}],"about":[{"href":"https:\/\/continental-trd.com\/en\/wp-json\/wp\/v2\/types\/page"}],"author":[{"embeddable":true,"href":"https:\/\/continental-trd.com\/en\/wp-json\/wp\/v2\/users\/1"}],"replies":[{"embeddable":true,"href":"https:\/\/continental-trd.com\/en\/wp-json\/wp\/v2\/comments?post=315"}],"version-history":[{"count":9,"href":"https:\/\/continental-trd.com\/en\/wp-json\/wp\/v2\/pages\/315\/revisions"}],"predecessor-version":[{"id":344,"href":"https:\/\/continental-trd.com\/en\/wp-json\/wp\/v2\/pages\/315\/revisions\/344"}],"wp:attachment":[{"href":"https:\/\/continental-trd.com\/en\/wp-json\/wp\/v2\/media?parent=315"}],"curies":[{"name":"wp","href":"https:\/\/api.w.org\/{rel}","templated":true}]}}